{"id":40577,"date":"2025-02-11T18:22:31","date_gmt":"2025-02-11T18:22:31","guid":{"rendered":"https:\/\/www.olissippohotels.com\/?page_id=40577"},"modified":"2025-02-11T19:10:24","modified_gmt":"2025-02-11T19:10:24","slug":"canal-de-denuncias","status":"publish","type":"page","link":"https:\/\/www.olissippohotels.com\/es\/canal-de-denuncias\/","title":{"rendered":"Canal de Denuncias"},"content":{"rendered":"\t\t<div data-elementor-type=\"wp-page\" data-elementor-id=\"40577\" class=\"elementor elementor-40577 elementor-40549\" data-elementor-post-type=\"page\">\n\t\t\t\t        <section class=\"elementor-section elementor-top-section elementor-element elementor-element-2e52c5c elementor-section-full_width pxl-section-overflow-hidden-yes elementor-section-height-min-height elementor-section-height-default elementor-section-items-middle pxl-section-offset-none pxl-section-static-pos-no pxl-container-margin-auto-no\" data-id=\"2e52c5c\" data-element_type=\"section\" data-e-type=\"section\" data-settings=\"{&quot;background_background&quot;:&quot;classic&quot;}\">\n\n                            <div class=\"elementor-background-overlay\"><\/div>\n            \n                <div class=\"elementor-container elementor-column-gap-no \">\n                <div class=\"elementor-column elementor-col-100 elementor-top-column elementor-element elementor-element-256018b col-offset-none pxl-column-element-default pxl-column-overflow-hidden-no\" data-id=\"256018b\" data-element_type=\"column\" data-e-type=\"column\">\r\n        <div class=\"elementor-widget-wrap elementor-element-populated\">\r\n                    \t\t<div class=\"elementor-element elementor-element-d3ca629 pxl-swiper-arrows-false pxl-swiper-dots-false pxl-swiper-dots-primary elementor-widget elementor-widget-pxl_slider\" data-id=\"d3ca629\" data-element_type=\"widget\" data-e-type=\"widget\" data-settings=\"{&quot;arrow_prev_position&quot;:&quot;absolute&quot;,&quot;arrow_next_position&quot;:&quot;absolute&quot;}\" data-widget_type=\"pxl_slider.default\">\n\t\t\t\t<div class=\"elementor-widget-container\">\n\t\t\t\t\t\r\n<div class=\"pxl-sliders-wrap effect-fade split-text-off-scroll animation-off-scroll\">\r\n        <div class=\"pxl-slider-container\" dir=\"ltr\" data-settings=\"{&quot;slide_direction&quot;:&quot;horizontal&quot;,&quot;slide_percolumn&quot;:1,&quot;slide_percolumnfill&quot;:1,&quot;slide_mode&quot;:&quot;fade&quot;,&quot;slides_to_show&quot;:1,&quot;slides_to_scroll&quot;:1,&quot;slides_gutter&quot;:0,&quot;dots_style&quot;:&quot;bullets&quot;,&quot;dots_style_custom&quot;:&quot;&quot;,&quot;autoplay&quot;:false,&quot;pause_on_hover&quot;:false,&quot;pause_on_interaction&quot;:true,&quot;delay&quot;:5000,&quot;loop&quot;:false,&quot;speed&quot;:500,&quot;center_mode&quot;:false,&quot;split_text_on_scroll&quot;:false,&quot;animation_on_scroll&quot;:false}\">\r\n        <div class=\"pxl-slider-wrapper swiper-wrapper\" data-count=\"1\">\r\n                            <div class=\"pxl-slider-item swiper-slide\">\r\n\r\n                    \t\t<div data-elementor-type=\"wp-post\" data-elementor-id=\"18137\" class=\"elementor elementor-18137\" data-elementor-post-type=\"pxl-slider\">\n\t\t\t\t        <section class=\"elementor-section elementor-top-section elementor-element elementor-element-2d732d2 elementor-section-full_width elementor-section-height-min-height elementor-section-content-middle elementor-section-height-default elementor-section-items-middle pxl-section-offset-none pxl-section-static-pos-no pxl-container-margin-auto-no\" data-id=\"2d732d2\" data-element_type=\"section\" data-e-type=\"section\">\n\n        <div class=\"pxl-section-bg-parallax-outer\"><div class=\"pxl-section-bg-parallax\" data-parallax=\"[]\"><\/div><\/div><div class=\"pxl-section-bg-ken-burns\"><\/div>                    <div class=\"elementor-background-overlay\"><\/div>\n            \n                <div class=\"elementor-container elementor-column-gap-no \">\n                <div class=\"elementor-column elementor-col-100 elementor-top-column elementor-element elementor-element-08a918a col-offset-none pxl-column-element-default pxl-column-overflow-hidden-no\" data-id=\"08a918a\" data-element_type=\"column\" data-e-type=\"column\">\r\n        <div class=\"elementor-widget-wrap elementor-element-populated\">\r\n                    \t\t<div class=\"elementor-element elementor-element-abb6878 elementor-widget elementor-widget-pxl_page_title\" data-id=\"abb6878\" data-element_type=\"widget\" data-e-type=\"widget\" data-widget_type=\"pxl_page_title.default\">\n\t\t\t\t<div class=\"elementor-widget-container\">\n\t\t\t\t\t<div class=\"pxl-pt-wrap d-flex\">\r\n    <div class=\"pxl-page-title-inner\">\r\n        <div class=\"pxl-page-title\">\r\n            <h1 class=\"main-title\">Canal de Denuncias<\/h1>\r\n                    <\/div>\r\n    <\/div> \r\n<\/div>\t\t\t\t<\/div>\n\t\t\t\t<\/div>\n\t\t                    <\/div>\r\n        <\/div>\r\n        \t\t\t<\/div>\n\t\t<\/section>\n\t\t\t\t<\/div>\n\t\t                    \r\n                <\/div>\r\n                    <\/div>    \r\n\r\n        \r\n\t        <\/div>\r\n<\/div>\r\n  \r\n\t\t\t\t<\/div>\n\t\t\t\t<\/div>\n\t\t                    <\/div>\r\n        <\/div>\r\n        \t\t\t<\/div>\n\t\t<\/section>\n\t\t        <section class=\"elementor-section elementor-top-section elementor-element elementor-element-6c2dbf5 elementor-section-content-middle elementor-section-boxed elementor-section-height-default elementor-section-height-default pxl-section-static-pos-no pxl-section-overflow-hidden-no pxl-container-margin-auto-no\" data-id=\"6c2dbf5\" data-element_type=\"section\" data-e-type=\"section\">\n\n                \n                <div class=\"elementor-container elementor-column-gap-default \">\n                <div class=\"elementor-column elementor-col-33 elementor-top-column elementor-element elementor-element-798bdd1 col-offset-none pxl-column-element-default pxl-column-overflow-hidden-no\" data-id=\"798bdd1\" data-element_type=\"column\" data-e-type=\"column\">\r\n        <div class=\"elementor-widget-wrap elementor-element-populated\">\r\n                    \t\t<div class=\"elementor-element elementor-element-31d6b92 elementor-hidden-mobile elementor-widget elementor-widget-pxl_divider\" data-id=\"31d6b92\" data-element_type=\"widget\" data-e-type=\"widget\" data-widget_type=\"pxl_divider.default\">\n\t\t\t\t<div class=\"elementor-widget-container\">\n\t\t\t\t\t<div class=\"pxl-divider horizontal animated reversal normal\"><div class=\"pxl-divider-separator\"><\/div><\/div>\t\t\t\t<\/div>\n\t\t\t\t<\/div>\n\t\t                    <\/div>\r\n        <\/div>\r\n                <div class=\"elementor-column elementor-col-33 elementor-top-column elementor-element elementor-element-8d08f07 col-offset-none pxl-column-element-default pxl-column-overflow-hidden-no\" data-id=\"8d08f07\" data-element_type=\"column\" data-e-type=\"column\">\r\n        <div class=\"elementor-widget-wrap elementor-element-populated\">\r\n                    \t\t<div class=\"elementor-element elementor-element-69ce48d elementor-widget__width-auto elementor-widget elementor-widget-heading\" data-id=\"69ce48d\" data-element_type=\"widget\" data-e-type=\"widget\" data-widget_type=\"heading.default\">\n\t\t\t\t<div class=\"elementor-widget-container\">\n\t\t\t\t\t<h2 class=\"elementor-heading-title elementor-size-default\">CIRCULAR INFORMATIVA<\/h2>\t\t\t\t<\/div>\n\t\t\t\t<\/div>\n\t\t                    <\/div>\r\n        <\/div>\r\n                <div class=\"elementor-column elementor-col-33 elementor-top-column elementor-element elementor-element-8e53e08 col-offset-none pxl-column-element-default pxl-column-overflow-hidden-no\" data-id=\"8e53e08\" data-element_type=\"column\" data-e-type=\"column\">\r\n        <div class=\"elementor-widget-wrap elementor-element-populated\">\r\n                    \t\t<div class=\"elementor-element elementor-element-1363ede elementor-hidden-mobile elementor-widget elementor-widget-pxl_divider\" data-id=\"1363ede\" data-element_type=\"widget\" data-e-type=\"widget\" data-widget_type=\"pxl_divider.default\">\n\t\t\t\t<div class=\"elementor-widget-container\">\n\t\t\t\t\t<div class=\"pxl-divider horizontal animated normal\"><div class=\"pxl-divider-separator\"><\/div><\/div>\t\t\t\t<\/div>\n\t\t\t\t<\/div>\n\t\t                    <\/div>\r\n        <\/div>\r\n        \t\t\t<\/div>\n\t\t<\/section>\n\t\t        <section class=\"elementor-section elementor-top-section elementor-element elementor-element-464db88 elementor-section-boxed elementor-section-height-default elementor-section-height-default pxl-section-static-pos-no pxl-section-overflow-hidden-no pxl-container-margin-auto-no\" data-id=\"464db88\" data-element_type=\"section\" data-e-type=\"section\">\n\n                \n                <div class=\"elementor-container elementor-column-gap-default \">\n                <div class=\"elementor-column elementor-col-100 elementor-top-column elementor-element elementor-element-db15819 col-offset-none pxl-column-element-default pxl-column-overflow-hidden-no\" data-id=\"db15819\" data-element_type=\"column\" data-e-type=\"column\">\r\n        <div class=\"elementor-widget-wrap elementor-element-populated\">\r\n                    \t\t<div class=\"elementor-element elementor-element-21233f7 elementor-widget elementor-widget-text-editor\" data-id=\"21233f7\" data-element_type=\"widget\" data-e-type=\"widget\" data-widget_type=\"text-editor.default\">\n\t\t\t\t<div class=\"elementor-widget-container\">\n\t\t\t\t\t\t\t\t\t<p>De acuerdo con la Ley n\u00ba 93\/2021, de 20 de diciembre, Sociedad Hoteleira Seoane S.A. dispone de canales escritos de informaci\u00f3n que permiten la transmisi\u00f3n directa y confidencial de las incidencias enumeradas en el art\u00edculo 2 de la citada ley, cuando sean aplicables al sector de que se trate.<\/p>\t\t\t\t\t\t\t\t<\/div>\n\t\t\t\t<\/div>\n\t\t\t\t<div class=\"elementor-element elementor-element-f5cf5b2 elementor-widget elementor-widget-text-editor\" data-id=\"f5cf5b2\" data-element_type=\"widget\" data-e-type=\"widget\" data-widget_type=\"text-editor.default\">\n\t\t\t\t<div class=\"elementor-widget-container\">\n\t\t\t\t\t\t\t\t\t<p><strong>Canales para presentar informaci\u00f3n y pruebas por escrito:<\/strong><\/p>\t\t\t\t\t\t\t\t<\/div>\n\t\t\t\t<\/div>\n\t\t\t\t<div class=\"elementor-element elementor-element-f202a25 pp-table-center elementor-widget elementor-widget-pp-table\" data-id=\"f202a25\" data-element_type=\"widget\" data-e-type=\"widget\" data-settings=\"{&quot;table_type&quot;:&quot;responsive&quot;,&quot;scrollable&quot;:&quot;no&quot;}\" data-widget_type=\"pp-table.default\">\n\t\t\t\t<div class=\"elementor-widget-container\">\n\t\t\t\t\t\t\t<div class=\"pp-table-container\">\n\t\t\t<table \n\t\t\tclass=\"pp-table tablesaw\" data-tablesaw-mode=\"stack\"\t\t\t\t>\n\t\t\t\t\t\t\t<colgroup>\n\t\t\t\t\t\t\t\t<col\n\t\t\t\t\tspan=\"1\"\n\t\t\t\t\tclass=\"elementor-repeater-item-34a6640\"\n\t\t\t\t\t\t\t\t\t\t\tstyle=\"\n\t\t\t\t\t\t\t\t\t\t\t\t\t\t\t\t\t\t\t\t\"\n\t\t\t\t\t\t\t\t\t\t>\n\t\t\t\t\t\t\t<\/colgroup>\n\t\t\t\t\t\t<thead>\n\t\t\t\t<tr class=\"pp-table-row\">\n\t\t\t\t\t<th class=\"pp-table-cell pp-table-cell-7b5cbd3\"><span class=\"pp-table-cell-content\"><span class=\"pp-table-cell-text\">Por correo electr\u00f3nico (email)<\/span><\/span><\/th><th class=\"pp-table-cell pp-table-cell-7389efd\"><span class=\"pp-table-cell-content\"><span class=\"pp-table-cell-text\">En persona<\/span><\/span><\/th>\t\t\t\t<\/tr>\n\t\t\t<\/thead>\n\t\t\t\t\t<tfoot>\n\t\t\t<\/tr>\t\t<\/tfoot>\n\t\t\t\t<tbody>\n\t\t\t<tr ><td class=\"pp-table-cell pp-table-cell-a391a56\">\t\t\t\t\t\t\t<a href=\"mailto:conduta@olissippohotels.com\" target=\"_blank\">\n\t\t\t\t\t\t\t<span class=\"pp-table-cell-content\"><span class=\"pp-table-cell-text\">conduta@olissippohotels.com<\/span><\/span>\t\t\t\t\t\t\t<\/a>\n\t\t\t\t\t\t\t<\/td><td class=\"pp-table-cell pp-table-cell-578e577\"><span class=\"pp-table-cell-content\"><span class=\"pp-table-cell-text\">En las casillas previstas a tal efecto en un sobre cerrado.<\/span><\/span><\/td><\/tr>\t\t<\/tbody>\n\t\t\t\t\t<\/table>\n\t\t<\/div>\n\t\t\t\t\t\t<\/div>\n\t\t\t\t<\/div>\n\t\t\t\t<div class=\"elementor-element elementor-element-fffb066 elementor-widget elementor-widget-text-editor\" data-id=\"fffb066\" data-element_type=\"widget\" data-e-type=\"widget\" data-widget_type=\"text-editor.default\">\n\t\t\t\t<div class=\"elementor-widget-container\">\n\t\t\t\t\t\t\t\t\t<p><strong>Protecci\u00f3n de la identidad y confidencialidad<\/strong><\/p><p>La informaci\u00f3n, las pruebas y los hechos relativos a cualquier suceso relacionado con el r\u00e9gimen jur\u00eddico anterior podr\u00e1n facilitarse de forma an\u00f3nima o identific\u00e1ndose.<\/p>\t\t\t\t\t\t\t\t<\/div>\n\t\t\t\t<\/div>\n\t\t\t\t<div class=\"elementor-element elementor-element-865f95d elementor-widget elementor-widget-text-editor\" data-id=\"865f95d\" data-element_type=\"widget\" data-e-type=\"widget\" data-widget_type=\"text-editor.default\">\n\t\t\t\t<div class=\"elementor-widget-container\">\n\t\t\t\t\t\t\t\t\t<p>La Sociedade Hoteleira Seoane S.A. aconseja a los participantes que faciliten al menos un medio por el que puedan ser contactados posteriormente, si fuera necesario, en el marco del tratamiento de la participaci\u00f3n, sin perjuicio de la posibilidad de presentar participaciones an\u00f3nimas.<\/p>\t\t\t\t\t\t\t\t<\/div>\n\t\t\t\t<\/div>\n\t\t\t\t<div class=\"elementor-element elementor-element-4a4ab10 elementor-widget elementor-widget-text-editor\" data-id=\"4a4ab10\" data-element_type=\"widget\" data-e-type=\"widget\" data-widget_type=\"text-editor.default\">\n\t\t\t\t<div class=\"elementor-widget-container\">\n\t\t\t\t\t\t\t\t\t<p>Si desea permanecer en el anonimato, no env\u00ede ning\u00fan dato personal o de otro tipo que permita identificarle.<\/p>\t\t\t\t\t\t\t\t<\/div>\n\t\t\t\t<\/div>\n\t\t\t\t<div class=\"elementor-element elementor-element-2aef8b2 elementor-widget elementor-widget-text-editor\" data-id=\"2aef8b2\" data-element_type=\"widget\" data-e-type=\"widget\" data-widget_type=\"text-editor.default\">\n\t\t\t\t<div class=\"elementor-widget-container\">\n\t\t\t\t\t\t\t\t\t<p>La Sociedade Hoteleira Seoane S.A. podr\u00e1 solicitar elementos e informaciones adicionales al denunciante para obtener una comprensi\u00f3n clara y completa de la situaci\u00f3n expuesta.<\/p>\t\t\t\t\t\t\t\t<\/div>\n\t\t\t\t<\/div>\n\t\t\t\t<div class=\"elementor-element elementor-element-5d24380 elementor-widget elementor-widget-text-editor\" data-id=\"5d24380\" data-element_type=\"widget\" data-e-type=\"widget\" data-widget_type=\"text-editor.default\">\n\t\t\t\t<div class=\"elementor-widget-container\">\n\t\t\t\t\t\t\t\t\t<p>Se garantizar\u00e1 la confidencialidad sobre la identidad del autor del informe en todo momento o hasta que esta informaci\u00f3n sea necesaria para salvaguardar los derechos de defensa de los afectados por el informe, en el marco del procedimiento al que d\u00e9 lugar.<\/p>\t\t\t\t\t\t\t\t<\/div>\n\t\t\t\t<\/div>\n\t\t\t\t<div class=\"elementor-element elementor-element-94eac0b elementor-widget elementor-widget-text-editor\" data-id=\"94eac0b\" data-element_type=\"widget\" data-e-type=\"widget\" data-widget_type=\"text-editor.default\">\n\t\t\t\t<div class=\"elementor-widget-container\">\n\t\t\t\t\t\t\t\t\t<p><strong>Procedimientos aplicables a la recepci\u00f3n de informaciones, pruebas y reclamaciones<\/strong><\/p><p>La Sociedade Hoteleira Seoane S.A. le notificar\u00e1 por escrito la recepci\u00f3n de informaciones, pruebas o denuncias, en formato electr\u00f3nico o por carta, si usted ha indicado un contacto a tal efecto, salvo en aquellas situaciones en las que usted haya manifestado expresamente lo contrario o sea previsible que dicha comunicaci\u00f3n pueda poner en riesgo su anonimato.<\/p>\t\t\t\t\t\t\t\t<\/div>\n\t\t\t\t<\/div>\n\t\t\t\t<div class=\"elementor-element elementor-element-60b380c elementor-widget elementor-widget-text-editor\" data-id=\"60b380c\" data-element_type=\"widget\" data-e-type=\"widget\" data-widget_type=\"text-editor.default\">\n\t\t\t\t<div class=\"elementor-widget-container\">\n\t\t\t\t\t\t\t\t\t<p>Si los hechos, pruebas o informaciones comunicados se refieren a delitos que puedan ser competencia de otras entidades, la Sociedade Hoteleira Seoane S.A. le informar\u00e1 de ello &#8211; siempre que sea posible &#8211; y ser\u00e1 usted quien decida si los env\u00eda a la entidad competente.<\/p>\t\t\t\t\t\t\t\t<\/div>\n\t\t\t\t<\/div>\n\t\t\t\t<div class=\"elementor-element elementor-element-c7ad2e8 elementor-widget elementor-widget-text-editor\" data-id=\"c7ad2e8\" data-element_type=\"widget\" data-e-type=\"widget\" data-widget_type=\"text-editor.default\">\n\t\t\t\t<div class=\"elementor-widget-container\">\n\t\t\t\t\t\t\t\t\t<p>Estos canales pueden ser utilizados por cualquier entidad, f\u00edsica o jur\u00eddica, relacionada con Sociedade Hoteleira Seoane S.A (incluyendo empleados, proveedores, prestadores de servicios, colaboradores, accionistas, becarios y otras partes interesadas).<\/p>\t\t\t\t\t\t\t\t<\/div>\n\t\t\t\t<\/div>\n\t\t\t\t<div class=\"elementor-element elementor-element-e9374d9 elementor-widget elementor-widget-text-editor\" data-id=\"e9374d9\" data-element_type=\"widget\" data-e-type=\"widget\" data-widget_type=\"text-editor.default\">\n\t\t\t\t<div class=\"elementor-widget-container\">\n\t\t\t\t\t\t\t\t\t<p>Todas las denuncias deben hacerse de buena fe y por motivos razonables.<\/p>\t\t\t\t\t\t\t\t<\/div>\n\t\t\t\t<\/div>\n\t\t\t\t<div class=\"elementor-element elementor-element-f0e86cc elementor-widget elementor-widget-text-editor\" data-id=\"f0e86cc\" data-element_type=\"widget\" data-e-type=\"widget\" data-widget_type=\"text-editor.default\">\n\t\t\t\t<div class=\"elementor-widget-container\">\n\t\t\t\t\t\t\t\t\t<p>La comunicaci\u00f3n de informaciones, hechos o env\u00edo de pruebas falsas a la Sociedade Hoteleira Seoane S.A. constituye una infracci\u00f3n administrativa muy grave y puede dar lugar a responsabilidad penal.<\/p>\t\t\t\t\t\t\t\t<\/div>\n\t\t\t\t<\/div>\n\t\t                    <\/div>\r\n        <\/div>\r\n        \t\t\t<\/div>\n\t\t<\/section>\n\t\t\t\t<\/div>\n\t\t","protected":false},"excerpt":{"rendered":"<p>Canal de Denuncias CIRCULAR INFORMATIVA De acuerdo con la Ley n\u00ba 93\/2021, de 20 de diciembre, Sociedad Hoteleira Seoane S.A. dispone de canales escritos de informaci\u00f3n que permiten la transmisi\u00f3n directa y confidencial de las incidencias enumeradas en el art\u00edculo 2 de la citada ley, cuando sean aplicables al sector de que se trate. Canales [&hellip;]<\/p>\n","protected":false},"author":1,"featured_media":0,"parent":0,"menu_order":0,"comment_status":"closed","ping_status":"closed","template":"","meta":{"_acf_changed":false,"footnotes":""},"folder":[89],"class_list":["post-40577","page","type-page","status-publish","hentry"],"acf":[],"aioseo_notices":[],"publishpress_future_action":{"enabled":false,"date":"2026-04-23 04:39:39","action":"change-status","newStatus":"draft","terms":[],"taxonomy":"translation_priority","extraData":[]},"publishpress_future_workflow_manual_trigger":{"enabledWorkflows":[]},"_links":{"self":[{"href":"https:\/\/www.olissippohotels.com\/es\/wp-json\/wp\/v2\/pages\/40577","targetHints":{"allow":["GET"]}}],"collection":[{"href":"https:\/\/www.olissippohotels.com\/es\/wp-json\/wp\/v2\/pages"}],"about":[{"href":"https:\/\/www.olissippohotels.com\/es\/wp-json\/wp\/v2\/types\/page"}],"author":[{"embeddable":true,"href":"https:\/\/www.olissippohotels.com\/es\/wp-json\/wp\/v2\/users\/1"}],"replies":[{"embeddable":true,"href":"https:\/\/www.olissippohotels.com\/es\/wp-json\/wp\/v2\/comments?post=40577"}],"version-history":[{"count":0,"href":"https:\/\/www.olissippohotels.com\/es\/wp-json\/wp\/v2\/pages\/40577\/revisions"}],"wp:attachment":[{"href":"https:\/\/www.olissippohotels.com\/es\/wp-json\/wp\/v2\/media?parent=40577"}],"wp:term":[{"taxonomy":"folder","embeddable":true,"href":"https:\/\/www.olissippohotels.com\/es\/wp-json\/wp\/v2\/folder?post=40577"}],"curies":[{"name":"wp","href":"https:\/\/api.w.org\/{rel}","templated":true}]}}