{"id":35098,"date":"2025-01-10T21:18:54","date_gmt":"2025-01-10T21:18:54","guid":{"rendered":"https:\/\/devolissippo.hume.pro\/?page_id=35098"},"modified":"2025-01-13T10:31:18","modified_gmt":"2025-01-13T10:31:18","slug":"resolucion-alternativa-de-litigios","status":"publish","type":"page","link":"https:\/\/www.olissippohotels.com\/es\/resolucion-alternativa-de-litigios\/","title":{"rendered":"Resoluci\u00f3n alternativa de litigios"},"content":{"rendered":"\t\t<div data-elementor-type=\"wp-page\" data-elementor-id=\"35098\" class=\"elementor elementor-35098 elementor-35086\" data-elementor-post-type=\"page\">\n\t\t\t\t        <section class=\"elementor-section elementor-top-section elementor-element elementor-element-2e52c5c elementor-section-full_width pxl-section-overflow-hidden-yes elementor-section-height-min-height elementor-section-height-default elementor-section-items-middle pxl-section-offset-none pxl-section-static-pos-no pxl-container-margin-auto-no\" data-id=\"2e52c5c\" data-element_type=\"section\" data-e-type=\"section\" data-settings=\"{&quot;background_background&quot;:&quot;classic&quot;}\">\n\n                            <div class=\"elementor-background-overlay\"><\/div>\n            \n                <div class=\"elementor-container elementor-column-gap-no \">\n                <div class=\"elementor-column elementor-col-100 elementor-top-column elementor-element elementor-element-256018b col-offset-none pxl-column-element-default pxl-column-overflow-hidden-no\" data-id=\"256018b\" data-element_type=\"column\" data-e-type=\"column\">\r\n        <div class=\"elementor-widget-wrap elementor-element-populated\">\r\n                    \t\t<div class=\"elementor-element elementor-element-d3ca629 pxl-swiper-arrows-false pxl-swiper-dots-false pxl-swiper-dots-primary elementor-widget elementor-widget-pxl_slider\" data-id=\"d3ca629\" data-element_type=\"widget\" data-e-type=\"widget\" data-settings=\"{&quot;arrow_prev_position&quot;:&quot;absolute&quot;,&quot;arrow_next_position&quot;:&quot;absolute&quot;}\" data-widget_type=\"pxl_slider.default\">\n\t\t\t\t<div class=\"elementor-widget-container\">\n\t\t\t\t\t\r\n<div class=\"pxl-sliders-wrap effect-fade split-text-off-scroll animation-off-scroll\">\r\n        <div class=\"pxl-slider-container\" dir=\"ltr\" data-settings=\"{&quot;slide_direction&quot;:&quot;horizontal&quot;,&quot;slide_percolumn&quot;:1,&quot;slide_percolumnfill&quot;:1,&quot;slide_mode&quot;:&quot;fade&quot;,&quot;slides_to_show&quot;:1,&quot;slides_to_scroll&quot;:1,&quot;slides_gutter&quot;:0,&quot;dots_style&quot;:&quot;bullets&quot;,&quot;dots_style_custom&quot;:&quot;&quot;,&quot;autoplay&quot;:false,&quot;pause_on_hover&quot;:false,&quot;pause_on_interaction&quot;:true,&quot;delay&quot;:5000,&quot;loop&quot;:false,&quot;speed&quot;:500,&quot;center_mode&quot;:false,&quot;split_text_on_scroll&quot;:false,&quot;animation_on_scroll&quot;:false}\">\r\n        <div class=\"pxl-slider-wrapper swiper-wrapper\" data-count=\"1\">\r\n                            <div class=\"pxl-slider-item swiper-slide\">\r\n\r\n                    \t\t<div data-elementor-type=\"wp-post\" data-elementor-id=\"18137\" class=\"elementor elementor-18137\" data-elementor-post-type=\"pxl-slider\">\n\t\t\t\t        <section class=\"elementor-section elementor-top-section elementor-element elementor-element-2d732d2 elementor-section-full_width elementor-section-height-min-height elementor-section-content-middle elementor-section-height-default elementor-section-items-middle pxl-section-offset-none pxl-section-static-pos-no pxl-container-margin-auto-no\" data-id=\"2d732d2\" data-element_type=\"section\" data-e-type=\"section\">\n\n        <div class=\"pxl-section-bg-parallax-outer\"><div class=\"pxl-section-bg-parallax\" data-parallax=\"[]\"><\/div><\/div><div class=\"pxl-section-bg-ken-burns\"><\/div>                    <div class=\"elementor-background-overlay\"><\/div>\n            \n                <div class=\"elementor-container elementor-column-gap-no \">\n                <div class=\"elementor-column elementor-col-100 elementor-top-column elementor-element elementor-element-08a918a col-offset-none pxl-column-element-default pxl-column-overflow-hidden-no\" data-id=\"08a918a\" data-element_type=\"column\" data-e-type=\"column\">\r\n        <div class=\"elementor-widget-wrap elementor-element-populated\">\r\n                    \t\t<div class=\"elementor-element elementor-element-abb6878 elementor-widget elementor-widget-pxl_page_title\" data-id=\"abb6878\" data-element_type=\"widget\" data-e-type=\"widget\" data-widget_type=\"pxl_page_title.default\">\n\t\t\t\t<div class=\"elementor-widget-container\">\n\t\t\t\t\t<div class=\"pxl-pt-wrap d-flex\">\r\n    <div class=\"pxl-page-title-inner\">\r\n        <div class=\"pxl-page-title\">\r\n            <h1 class=\"main-title\">Olissippohotels.com<\/h1>\r\n                    <\/div>\r\n    <\/div> \r\n<\/div>\t\t\t\t<\/div>\n\t\t\t\t<\/div>\n\t\t                    <\/div>\r\n        <\/div>\r\n        \t\t\t<\/div>\n\t\t<\/section>\n\t\t\t\t<\/div>\n\t\t                    \r\n                <\/div>\r\n                    <\/div>    \r\n\r\n        \r\n\t        <\/div>\r\n<\/div>\r\n  \r\n\t\t\t\t<\/div>\n\t\t\t\t<\/div>\n\t\t                    <\/div>\r\n        <\/div>\r\n        \t\t\t<\/div>\n\t\t<\/section>\n\t\t        <section class=\"elementor-section elementor-top-section elementor-element elementor-element-6c2dbf5 elementor-section-content-middle elementor-section-boxed elementor-section-height-default elementor-section-height-default pxl-section-static-pos-no pxl-section-overflow-hidden-no pxl-container-margin-auto-no\" data-id=\"6c2dbf5\" data-element_type=\"section\" data-e-type=\"section\">\n\n                \n                <div class=\"elementor-container elementor-column-gap-default \">\n                <div class=\"elementor-column elementor-col-33 elementor-top-column elementor-element elementor-element-798bdd1 col-offset-none pxl-column-element-default pxl-column-overflow-hidden-no\" data-id=\"798bdd1\" data-element_type=\"column\" data-e-type=\"column\">\r\n        <div class=\"elementor-widget-wrap elementor-element-populated\">\r\n                    \t\t<div class=\"elementor-element elementor-element-31d6b92 elementor-hidden-mobile elementor-widget elementor-widget-pxl_divider\" data-id=\"31d6b92\" data-element_type=\"widget\" data-e-type=\"widget\" data-widget_type=\"pxl_divider.default\">\n\t\t\t\t<div class=\"elementor-widget-container\">\n\t\t\t\t\t<div class=\"pxl-divider horizontal animated reversal normal\"><div class=\"pxl-divider-separator\"><\/div><\/div>\t\t\t\t<\/div>\n\t\t\t\t<\/div>\n\t\t                    <\/div>\r\n        <\/div>\r\n                <div class=\"elementor-column elementor-col-33 elementor-top-column elementor-element elementor-element-8d08f07 col-offset-none pxl-column-element-default pxl-column-overflow-hidden-no\" data-id=\"8d08f07\" data-element_type=\"column\" data-e-type=\"column\">\r\n        <div class=\"elementor-widget-wrap elementor-element-populated\">\r\n                    \t\t<div class=\"elementor-element elementor-element-69ce48d elementor-widget__width-auto elementor-widget elementor-widget-heading\" data-id=\"69ce48d\" data-element_type=\"widget\" data-e-type=\"widget\" data-widget_type=\"heading.default\">\n\t\t\t\t<div class=\"elementor-widget-container\">\n\t\t\t\t\t<h2 class=\"elementor-heading-title elementor-size-default\">Resoluci\u00f3n alternativa de litigios<\/h2>\t\t\t\t<\/div>\n\t\t\t\t<\/div>\n\t\t                    <\/div>\r\n        <\/div>\r\n                <div class=\"elementor-column elementor-col-33 elementor-top-column elementor-element elementor-element-8e53e08 col-offset-none pxl-column-element-default pxl-column-overflow-hidden-no\" data-id=\"8e53e08\" data-element_type=\"column\" data-e-type=\"column\">\r\n        <div class=\"elementor-widget-wrap elementor-element-populated\">\r\n                    \t\t<div class=\"elementor-element elementor-element-1363ede elementor-hidden-mobile elementor-widget elementor-widget-pxl_divider\" data-id=\"1363ede\" data-element_type=\"widget\" data-e-type=\"widget\" data-widget_type=\"pxl_divider.default\">\n\t\t\t\t<div class=\"elementor-widget-container\">\n\t\t\t\t\t<div class=\"pxl-divider horizontal animated normal\"><div class=\"pxl-divider-separator\"><\/div><\/div>\t\t\t\t<\/div>\n\t\t\t\t<\/div>\n\t\t                    <\/div>\r\n        <\/div>\r\n        \t\t\t<\/div>\n\t\t<\/section>\n\t\t        <section class=\"elementor-section elementor-top-section elementor-element elementor-element-464db88 elementor-section-boxed elementor-section-height-default elementor-section-height-default pxl-section-static-pos-no pxl-section-overflow-hidden-no pxl-container-margin-auto-no\" data-id=\"464db88\" data-element_type=\"section\" data-e-type=\"section\">\n\n                \n                <div class=\"elementor-container elementor-column-gap-default \">\n                <div class=\"elementor-column elementor-col-100 elementor-top-column elementor-element elementor-element-db15819 col-offset-none pxl-column-element-default pxl-column-overflow-hidden-no\" data-id=\"db15819\" data-element_type=\"column\" data-e-type=\"column\">\r\n        <div class=\"elementor-widget-wrap elementor-element-populated\">\r\n                    \t\t<div class=\"elementor-element elementor-element-21233f7 elementor-widget elementor-widget-text-editor\" data-id=\"21233f7\" data-element_type=\"widget\" data-e-type=\"widget\" data-widget_type=\"text-editor.default\">\n\t\t\t\t<div class=\"elementor-widget-container\">\n\t\t\t\t\t\t\t\t\t<p>El consumidor puede dirigirse a una de las organizaciones de resoluci\u00f3n alternativa de litigios cuyo nombre, datos de contacto y direcci\u00f3n web figuran en la lista de organizaciones depositadas en la Direcci\u00f3n de Consumo.<\/p><p>Para m\u00e1s informaci\u00f3n, consulte el portal del consumidor: <a href=\"https:\/\/www.consumidor.gov.pt\/\" target=\"_blank\" rel=\"noopener\">www.consumidor.pt<\/a><\/p>\t\t\t\t\t\t\t\t<\/div>\n\t\t\t\t<\/div>\n\t\t                    <\/div>\r\n        <\/div>\r\n        \t\t\t<\/div>\n\t\t<\/section>\n\t\t\t\t<\/div>\n\t\t","protected":false},"excerpt":{"rendered":"<p>Olissippohotels.com Resoluci\u00f3n alternativa de litigios El consumidor puede dirigirse a una de las organizaciones de resoluci\u00f3n alternativa de litigios cuyo nombre, datos de contacto y direcci\u00f3n web figuran en la lista de organizaciones depositadas en la Direcci\u00f3n de Consumo. Para m\u00e1s informaci\u00f3n, consulte el portal del consumidor: www.consumidor.pt<\/p>\n","protected":false},"author":1,"featured_media":0,"parent":0,"menu_order":0,"comment_status":"closed","ping_status":"closed","template":"","meta":{"_acf_changed":false,"footnotes":""},"folder":[89],"class_list":["post-35098","page","type-page","status-publish","hentry"],"acf":[],"aioseo_notices":[],"publishpress_future_action":{"enabled":false,"date":"2026-04-23 04:39:59","action":"change-status","newStatus":"draft","terms":[],"taxonomy":"translation_priority","extraData":[]},"publishpress_future_workflow_manual_trigger":{"enabledWorkflows":[]},"_links":{"self":[{"href":"https:\/\/www.olissippohotels.com\/es\/wp-json\/wp\/v2\/pages\/35098","targetHints":{"allow":["GET"]}}],"collection":[{"href":"https:\/\/www.olissippohotels.com\/es\/wp-json\/wp\/v2\/pages"}],"about":[{"href":"https:\/\/www.olissippohotels.com\/es\/wp-json\/wp\/v2\/types\/page"}],"author":[{"embeddable":true,"href":"https:\/\/www.olissippohotels.com\/es\/wp-json\/wp\/v2\/users\/1"}],"replies":[{"embeddable":true,"href":"https:\/\/www.olissippohotels.com\/es\/wp-json\/wp\/v2\/comments?post=35098"}],"version-history":[{"count":0,"href":"https:\/\/www.olissippohotels.com\/es\/wp-json\/wp\/v2\/pages\/35098\/revisions"}],"wp:attachment":[{"href":"https:\/\/www.olissippohotels.com\/es\/wp-json\/wp\/v2\/media?parent=35098"}],"wp:term":[{"taxonomy":"folder","embeddable":true,"href":"https:\/\/www.olissippohotels.com\/es\/wp-json\/wp\/v2\/folder?post=35098"}],"curies":[{"name":"wp","href":"https:\/\/api.w.org\/{rel}","templated":true}]}}