{"id":32128,"date":"2022-09-07T03:34:38","date_gmt":"2022-09-07T03:34:38","guid":{"rendered":"https:\/\/devolissippo.hume.pro\/olissippo-blog\/"},"modified":"2025-01-14T13:50:31","modified_gmt":"2025-01-14T13:50:31","slug":"olissippo-blog","status":"publish","type":"page","link":"https:\/\/www.olissippohotels.com\/es\/olissippo-blog\/","title":{"rendered":"Olissippo Blog"},"content":{"rendered":"\t\t<div data-elementor-type=\"wp-page\" data-elementor-id=\"32128\" class=\"elementor elementor-32128 elementor-798\" data-elementor-post-type=\"page\">\n\t\t\t\t        <section class=\"elementor-section elementor-top-section elementor-element elementor-element-dcaf980 elementor-section-full_width pxl-section-overflow-hidden-yes elementor-section-height-min-height elementor-section-height-default elementor-section-items-middle pxl-section-offset-none pxl-section-static-pos-no pxl-container-margin-auto-no\" data-id=\"dcaf980\" data-element_type=\"section\" data-e-type=\"section\" data-settings=\"{&quot;background_background&quot;:&quot;classic&quot;}\">\n\n                            <div class=\"elementor-background-overlay\"><\/div>\n            \n                <div class=\"elementor-container elementor-column-gap-no \">\n                <div class=\"elementor-column elementor-col-100 elementor-top-column elementor-element elementor-element-828e800 col-offset-none pxl-column-element-default pxl-column-overflow-hidden-no\" data-id=\"828e800\" data-element_type=\"column\" data-e-type=\"column\">\r\n        <div class=\"elementor-widget-wrap elementor-element-populated\">\r\n                    \t\t<div class=\"elementor-element elementor-element-a73a035 pxl-swiper-arrows-true pxl-swiper-dots-false pxl-swiper-dots-primary elementor-widget elementor-widget-pxl_slider\" data-id=\"a73a035\" data-element_type=\"widget\" data-e-type=\"widget\" data-settings=\"{&quot;arrow_prev_position&quot;:&quot;absolute&quot;,&quot;arrow_next_position&quot;:&quot;absolute&quot;}\" data-widget_type=\"pxl_slider.default\">\n\t\t\t\t<div class=\"elementor-widget-container\">\n\t\t\t\t\t\r\n<div class=\"pxl-sliders-wrap effect-fade split-text-off-scroll animation-off-scroll\">\r\n            <div class=\"pxl-swiper-loader\">\r\n            <div class=\"pxl-swiper-loader-inner five-dots\">\r\n                                    <span class=\"dot\"><\/span><span class=\"dot\"><\/span><span class=\"dot\"><\/span><span class=\"dot\"><\/span><span class=\"dot\"><\/span>\r\n                            <\/div>\r\n        <\/div>\r\n        <div class=\"pxl-slider-container\" dir=\"ltr\" data-settings=\"{&quot;slide_direction&quot;:&quot;horizontal&quot;,&quot;slide_percolumn&quot;:1,&quot;slide_percolumnfill&quot;:1,&quot;slide_mode&quot;:&quot;fade&quot;,&quot;slides_to_show&quot;:1,&quot;slides_to_scroll&quot;:1,&quot;slides_gutter&quot;:0,&quot;dots_style&quot;:&quot;bullets&quot;,&quot;dots_style_custom&quot;:&quot;&quot;,&quot;autoplay&quot;:false,&quot;pause_on_hover&quot;:false,&quot;pause_on_interaction&quot;:true,&quot;delay&quot;:5000,&quot;loop&quot;:true,&quot;speed&quot;:500,&quot;center_mode&quot;:false,&quot;split_text_on_scroll&quot;:false,&quot;animation_on_scroll&quot;:false}\">\r\n        <div class=\"pxl-slider-wrapper swiper-wrapper\" data-count=\"1\">\r\n                            <div class=\"pxl-slider-item swiper-slide\">\r\n\r\n                    \t\t<div data-elementor-type=\"wp-post\" data-elementor-id=\"21596\" class=\"elementor elementor-21596\" data-elementor-post-type=\"pxl-slider\">\n\t\t\t\t        <section class=\"elementor-section elementor-top-section elementor-element elementor-element-2d732d2 elementor-section-full_width elementor-section-height-min-height elementor-section-content-middle elementor-section-height-default elementor-section-items-middle pxl-section-offset-none pxl-container-margin-auto-no\" data-id=\"2d732d2\" data-element_type=\"section\" data-e-type=\"section\">\n\n        <div class=\"pxl-section-bg-parallax-outer\"><div class=\"pxl-section-bg-parallax\" data-parallax=\"[]\"><\/div><\/div>                    <div class=\"elementor-background-overlay\"><\/div>\n            \n                <div class=\"elementor-container elementor-column-gap-no \">\n                <div class=\"elementor-column elementor-col-100 elementor-top-column elementor-element elementor-element-08a918a col-offset-none pxl-column-element-default pxl-column-overflow-hidden-no\" data-id=\"08a918a\" data-element_type=\"column\" data-e-type=\"column\">\r\n        <div class=\"elementor-widget-wrap elementor-element-populated\">\r\n                    \t\t<div class=\"elementor-element elementor-element-07bdfb3 elementor-invisible pxl-elementor-animate elementor-widget elementor-widget-pxl_page_title\" data-id=\"07bdfb3\" data-element_type=\"widget\" data-e-type=\"widget\" data-settings=\"{&quot;_animation&quot;:&quot;fadeInUp&quot;}\" data-widget_type=\"pxl_page_title.default\">\n\t\t\t\t<div class=\"elementor-widget-container\">\n\t\t\t\t\t<div class=\"pxl-pt-wrap d-flex\">\r\n    <div class=\"pxl-page-title-inner\">\r\n        <div class=\"pxl-page-title\">\r\n            <h1 class=\"main-title\">Olissippo Blog<\/h1>\r\n                    <\/div>\r\n    <\/div> \r\n<\/div>\t\t\t\t<\/div>\n\t\t\t\t<\/div>\n\t\t                    <\/div>\r\n        <\/div>\r\n        \t\t\t<\/div>\n\t\t<\/section>\n\t\t\t\t<\/div>\n\t\t                    \r\n                <\/div>\r\n                    <\/div>    \r\n\r\n                \t<div class=\"pxl-slider-arrow-wrap  pos-relative style-icon layout-df  separate arrow-on-hover \" data-settings=\"\">\r\n\t        \t<div class=\"pxl-slider-arrow pxl-slider-arrow-prev\">\r\n                        \t        \t    \t        \t\t<span aria-hidden=\"true\" class=\"pxl-icon pxli pxli-left-arrow\"><\/span>    \t        \t                    \r\n\t\t        <\/div>\r\n                 \r\n\t\t        <div class=\"pxl-slider-arrow pxl-slider-arrow-next\">\r\n                     \r\n                        \t        \t                        <span aria-hidden=\"true\" class=\"pxl-icon pxli pxli-right-arrow\"><\/span>    \t\t                            \r\n\t\t        <\/div>\r\n\t        <\/div> \r\n            \t    \r\n\t        <\/div>\r\n<\/div>\r\n  \r\n\t\t\t\t<\/div>\n\t\t\t\t<\/div>\n\t\t                    <\/div>\r\n        <\/div>\r\n        \t\t\t<\/div>\n\t\t<\/section>\n\t\t        <section class=\"elementor-section elementor-top-section elementor-element elementor-element-6275cb6 elementor-section-boxed elementor-section-height-default elementor-section-height-default pxl-section-static-pos-no pxl-section-overflow-hidden-no pxl-container-margin-auto-no\" data-id=\"6275cb6\" data-element_type=\"section\" data-e-type=\"section\">\n\n                \n                <div class=\"elementor-container elementor-column-gap-default \">\n                <div class=\"elementor-column elementor-col-100 elementor-top-column elementor-element elementor-element-c739934 col-offset-none pxl-column-element-default pxl-column-overflow-hidden-no\" data-id=\"c739934\" data-element_type=\"column\" data-e-type=\"column\">\r\n        <div class=\"elementor-widget-wrap elementor-element-populated\">\r\n                    \t\t<div class=\"elementor-element elementor-element-c150ab7 elementor-widget elementor-widget-spacer\" data-id=\"c150ab7\" data-element_type=\"widget\" data-e-type=\"widget\" data-widget_type=\"spacer.default\">\n\t\t\t\t<div class=\"elementor-widget-container\">\n\t\t\t\t\t\t\t<div class=\"elementor-spacer\">\n\t\t\t<div class=\"elementor-spacer-inner\"><\/div>\n\t\t<\/div>\n\t\t\t\t\t\t<\/div>\n\t\t\t\t<\/div>\n\t\t                    <\/div>\r\n        <\/div>\r\n        \t\t\t<\/div>\n\t\t<\/section>\n\t\t        <section class=\"elementor-section elementor-top-section elementor-element elementor-element-f917e81 elementor-section-boxed elementor-section-height-default elementor-section-height-default pxl-section-static-pos-no pxl-section-overflow-hidden-no pxl-container-margin-auto-no\" data-id=\"f917e81\" data-element_type=\"section\" data-e-type=\"section\">\n\n                \n                <div class=\"elementor-container elementor-column-gap-default \">\n                <div class=\"elementor-column elementor-col-100 elementor-top-column elementor-element elementor-element-b0dd2a3 col-offset-none pxl-column-element-default pxl-column-overflow-hidden-no\" data-id=\"b0dd2a3\" data-element_type=\"column\" data-e-type=\"column\">\r\n        <div class=\"elementor-widget-wrap elementor-element-populated\">\r\n                    \t\t<div class=\"elementor-element elementor-element-f48c3aa elementor-widget elementor-widget-pxl_post_list\" data-id=\"f48c3aa\" data-element_type=\"widget\" data-e-type=\"widget\" data-widget_type=\"pxl_post_list.default\">\n\t\t\t\t<div class=\"elementor-widget-container\">\n\t\t\t\t\t<div class=\"pxl-no-post-grid\">No Post Found<\/div>\t\t\t\t<\/div>\n\t\t\t\t<\/div>\n\t\t                    <\/div>\r\n        <\/div>\r\n        \t\t\t<\/div>\n\t\t<\/section>\n\t\t\t\t<\/div>\n\t\t","protected":false},"excerpt":{"rendered":"<p>Olissippo Blog 30\/10\/2024 Artigos RECEITAS DE HALLOWEEN: DEL\u00cdCIAS ASSUSTADORAS PARA FAZER EM FAM\u00cdLIA Prepare-se para um Halloween cheio de sabor e divers\u00e3o com estas cinco receitas tem\u00e1ticas que v\u00e3o encantar a sua fam\u00edlia e amigos. S\u00e3o f\u00e1ceis de fazer e perfeitas para a \u00e9poca. LER MAIS 29\/10\/2024 Artigos LISBOA NO OUTONO: 10 EXPERI\u00caNCIAS QUE N\u00c3O [&hellip;]<\/p>\n","protected":false},"author":1,"featured_media":0,"parent":0,"menu_order":0,"comment_status":"closed","ping_status":"closed","template":"","meta":{"_acf_changed":false,"footnotes":""},"folder":[88],"class_list":["post-32128","page","type-page","status-publish","hentry"],"acf":[],"aioseo_notices":[],"publishpress_future_action":{"enabled":false,"date":"2026-04-23 07:31:23","action":"change-status","newStatus":"draft","terms":[],"taxonomy":"translation_priority","extraData":[]},"publishpress_future_workflow_manual_trigger":{"enabledWorkflows":[]},"_links":{"self":[{"href":"https:\/\/www.olissippohotels.com\/es\/wp-json\/wp\/v2\/pages\/32128","targetHints":{"allow":["GET"]}}],"collection":[{"href":"https:\/\/www.olissippohotels.com\/es\/wp-json\/wp\/v2\/pages"}],"about":[{"href":"https:\/\/www.olissippohotels.com\/es\/wp-json\/wp\/v2\/types\/page"}],"author":[{"embeddable":true,"href":"https:\/\/www.olissippohotels.com\/es\/wp-json\/wp\/v2\/users\/1"}],"replies":[{"embeddable":true,"href":"https:\/\/www.olissippohotels.com\/es\/wp-json\/wp\/v2\/comments?post=32128"}],"version-history":[{"count":0,"href":"https:\/\/www.olissippohotels.com\/es\/wp-json\/wp\/v2\/pages\/32128\/revisions"}],"wp:attachment":[{"href":"https:\/\/www.olissippohotels.com\/es\/wp-json\/wp\/v2\/media?parent=32128"}],"wp:term":[{"taxonomy":"folder","embeddable":true,"href":"https:\/\/www.olissippohotels.com\/es\/wp-json\/wp\/v2\/folder?post=32128"}],"curies":[{"name":"wp","href":"https:\/\/api.w.org\/{rel}","templated":true}]}}