{"id":31028,"date":"2022-09-10T07:55:05","date_gmt":"2022-09-10T07:55:05","guid":{"rendered":"https:\/\/devolissippo.hume.pro\/?page_id=31028"},"modified":"2025-01-05T22:36:05","modified_gmt":"2025-01-05T22:36:05","slug":"page-404","status":"publish","type":"page","link":"https:\/\/www.olissippohotels.com\/en\/page-404\/","title":{"rendered":"Page 404"},"content":{"rendered":"\t\t<div data-elementor-type=\"wp-page\" data-elementor-id=\"31028\" class=\"elementor elementor-31028 elementor-1180\" data-elementor-post-type=\"page\">\n\t\t\t\t        <section class=\"elementor-section elementor-top-section elementor-element elementor-element-9b69503 elementor-section-height-full elementor-section-full_width elementor-section-height-default elementor-section-items-middle pxl-section-offset-none pxl-section-static-pos-no pxl-section-overflow-hidden-no pxl-container-margin-auto-no\" data-id=\"9b69503\" data-element_type=\"section\" data-e-type=\"section\" data-settings=\"{&quot;background_background&quot;:&quot;classic&quot;}\">\n\n                            <div class=\"elementor-background-overlay\"><\/div>\n            \n                <div class=\"elementor-container elementor-column-gap-default \">\n                <div class=\"elementor-column elementor-col-50 elementor-top-column elementor-element elementor-element-8ecb50b col-offset-none pxl-column-element-default pxl-column-overflow-hidden-no\" data-id=\"8ecb50b\" data-element_type=\"column\" data-e-type=\"column\">\r\n        <div class=\"elementor-widget-wrap elementor-element-populated\">\r\n                    \t\t<div class=\"elementor-element elementor-element-28b5c81 elementor-widget elementor-widget-pxl_heading\" data-id=\"28b5c81\" data-element_type=\"widget\" data-e-type=\"widget\" data-widget_type=\"pxl_heading.default\">\n\t\t\t\t<div class=\"elementor-widget-container\">\n\t\t\t\t\t<div class=\"pxl-heading-wrap d-flex\">\n    <div class=\"pxl-heading-inner  \">\n                    <div class=\"heading-subtitle \">\n                <div class=\"subtitle-text \">Pagina n\u00e3o encontrada<\/div>\n            <\/div>\n                <h2 class=\"heading-title\">\n                        Oops! <br> Alguma coisa se passou         <\/h2>\n            <\/div>\n<\/div>\n\n\t\t\t\t<\/div>\n\t\t\t\t<\/div>\n\t\t\t\t<div class=\"elementor-element elementor-element-74ae02d elementor-widget elementor-widget-pxl_text_editor\" data-id=\"74ae02d\" data-element_type=\"widget\" data-e-type=\"widget\" data-widget_type=\"pxl_text_editor.default\">\n\t\t\t\t<div class=\"elementor-widget-container\">\n\t\t\t\t\t<div id=\"pxl_text_editor-74ae02d-3990\" class=\"pxl-text-editor-wrap d-flex \" >\n\t<div class=\"pxl-text-editor elementor-clearfix\">\n\t\t<p>A p\u00e1gina que procura n\u00e3o est\u00e1 dispon\u00edvel ou foi removida. &lt;br&gt;Tente aceder \u00e0 p\u00e1gina inicial utilizando o bot\u00e3o abaixo.<\/p>\t\t\n\t<\/div>\n<\/div>\t\t\t\t<\/div>\n\t\t\t\t<\/div>\n\t\t\t\t<div class=\"elementor-element elementor-element-d9b701d elementor-align-center elementor-widget elementor-widget-pxl_button\" data-id=\"d9b701d\" data-element_type=\"widget\" data-e-type=\"widget\" data-widget_type=\"pxl_button.default\">\n\t\t\t\t<div class=\"elementor-widget-container\">\n\t\t\t\t\t<div id=\"pxl_button-d9b701d-7846\" class=\"pxl-button-wrapper d-flex-wrap pxl-button-layout1\" >\r\n    <a href=\"https:\/\/www.olissippohotels.com\" class=\"pxl-btn default icon-ps-right\">\r\n        <span class=\"pxl-button-text\">Voltar \u00e1 homepage<\/span>\r\n            <\/a>\r\n<\/div>\t\t\t\t<\/div>\n\t\t\t\t<\/div>\n\t\t                    <\/div>\r\n        <\/div>\r\n                <div class=\"elementor-column elementor-col-50 elementor-top-column elementor-element elementor-element-e1d0095 elementor-hidden-tablet elementor-hidden-mobile_extra elementor-hidden-mobile col-offset-none pxl-column-element-default pxl-column-overflow-hidden-no\" data-id=\"e1d0095\" data-element_type=\"column\" data-e-type=\"column\">\r\n        <div class=\"elementor-widget-wrap\">\r\n                                        <\/div>\r\n        <\/div>\r\n        \t\t\t<\/div>\n\t\t<\/section>\n\t\t\t\t<\/div>\n\t\t","protected":false},"excerpt":{"rendered":"<p>Pagina n\u00e3o encontrada Oops! Alguma coisa se passou A p\u00e1gina que procura n\u00e3o est\u00e1 dispon\u00edvel ou foi removida. &lt;br&gt;Tente aceder \u00e0 p\u00e1gina inicial utilizando o bot\u00e3o abaixo. Voltar \u00e1 homepage<\/p>\n","protected":false},"author":1,"featured_media":0,"parent":0,"menu_order":0,"comment_status":"closed","ping_status":"closed","template":"","meta":{"_acf_changed":false,"footnotes":""},"folder":[89],"class_list":["post-31028","page","type-page","status-publish","hentry"],"acf":[],"aioseo_notices":[],"publishpress_future_action":{"enabled":false,"date":"2026-05-09 00:02:20","action":"change-status","newStatus":"draft","terms":[],"taxonomy":"translation_priority","extraData":[]},"publishpress_future_workflow_manual_trigger":{"enabledWorkflows":[]},"_links":{"self":[{"href":"https:\/\/www.olissippohotels.com\/en\/wp-json\/wp\/v2\/pages\/31028","targetHints":{"allow":["GET"]}}],"collection":[{"href":"https:\/\/www.olissippohotels.com\/en\/wp-json\/wp\/v2\/pages"}],"about":[{"href":"https:\/\/www.olissippohotels.com\/en\/wp-json\/wp\/v2\/types\/page"}],"author":[{"embeddable":true,"href":"https:\/\/www.olissippohotels.com\/en\/wp-json\/wp\/v2\/users\/1"}],"replies":[{"embeddable":true,"href":"https:\/\/www.olissippohotels.com\/en\/wp-json\/wp\/v2\/comments?post=31028"}],"version-history":[{"count":0,"href":"https:\/\/www.olissippohotels.com\/en\/wp-json\/wp\/v2\/pages\/31028\/revisions"}],"wp:attachment":[{"href":"https:\/\/www.olissippohotels.com\/en\/wp-json\/wp\/v2\/media?parent=31028"}],"wp:term":[{"taxonomy":"folder","embeddable":true,"href":"https:\/\/www.olissippohotels.com\/en\/wp-json\/wp\/v2\/folder?post=31028"}],"curies":[{"name":"wp","href":"https:\/\/api.w.org\/{rel}","templated":true}]}}